{"id":6736,"date":"2021-11-25T21:48:23","date_gmt":"2021-11-25T21:48:23","guid":{"rendered":"https:\/\/supertite.com\/politique-de-confidentialite\/"},"modified":"2022-05-27T11:57:20","modified_gmt":"2022-05-27T11:57:20","slug":"politique-de-confidentialite","status":"publish","type":"page","link":"https:\/\/supertite.com\/fr\/politique-de-confidentialite\/","title":{"rendered":"Politique de confidentialit\u00e9"},"content":{"rendered":"\t\t<div data-elementor-type=\"wp-page\" data-elementor-id=\"6736\" class=\"elementor elementor-6736 elementor-179\">\n\t\t\t\t\t\t<section class=\"elementor-section elementor-top-section elementor-element elementor-element-5d706fc4 elementor-section-full_width elementor-section-height-default elementor-section-height-default\" data-id=\"5d706fc4\" data-element_type=\"section\" data-e-type=\"section\">\n\t\t\t\t\t\t<div class=\"elementor-container elementor-column-gap-default\">\n\t\t\t\t\t<div class=\"elementor-column elementor-col-100 elementor-top-column elementor-element elementor-element-42ea6a62\" data-id=\"42ea6a62\" data-element_type=\"column\" data-e-type=\"column\">\n\t\t\t<div class=\"elementor-widget-wrap elementor-element-populated\">\n\t\t\t\t\t\t<div class=\"elementor-element elementor-element-3366dcf3 elementor-widget elementor-widget-text-editor\" data-id=\"3366dcf3\" data-element_type=\"widget\" data-e-type=\"widget\" data-widget_type=\"text-editor.default\">\n\t\t\t\t<div class=\"elementor-widget-container\">\n\t\t\t\t\t\t\t\t\t<h3>1. RESPONSABLE DU TRAITEMENT ET DES FINS<\/h3>\n<p>L&#8217;utilisateur est inform\u00e9 que UNECOL ADHESIVE IDEAS, SL est le <strong>Responsable du traitement<\/strong> des donn\u00e9es personnelles que vous nous fournissez \u00e0 la fois via ce site Web et celles qui ressortent de la documentation que vous nous fournissez et de celle qui peut \u00eatre connue dans le d\u00e9veloppement de notre relation.<\/p>\n<p>Les <strong>BUTS<\/strong> avec lesquels vos donn\u00e9es seront trait\u00e9es sont :<\/p>\n<ul>\n<li>G\u00e9rer les formulaires de contact pour r\u00e9pondre aux demandes d&#8217;informations et r\u00e9pondre aux questions pos\u00e9es, ainsi que celles formul\u00e9es par email ou tout autre moyen de communication.<\/li>\n<li>Effectuer autant d&#8217;actions que l&#8217;exige le service contract\u00e9 ou le produit achet\u00e9 et vous contacter pour vous informer \u00e0 ce sujet, ainsi que sur d&#8217;autres services connexes susceptibles de vous int\u00e9resser.<\/li>\n<li>Rapport sur tout aspect commercial, commercial ou social de l&#8217;entit\u00e9 et des activit\u00e9s qu&#8217;elle organise ou auxquelles elle participe.<\/li>\n<li>Dans le cas du blog, vous inclure dans la <em>liste de diffusion de la newsletter,<\/em> en plus de g\u00e9rer, le cas \u00e9ch\u00e9ant, l&#8217;envoi d&#8217;opinions et de commentaires sur les messages, vos r\u00e9ponses et leurs communications.<\/li>\n<li>Dans tous ces cas, vos donn\u00e9es seront utilis\u00e9es pour envoyer des informations sur les actualit\u00e9s qui se produisent dans l&#8217;entreprise, ou sur les nouveaux services, activit\u00e9s ou \u00e9v\u00e9nements promus par le responsable, que cela soit fait ou non sous le nom d&#8217;UNECOL ou SUPERTITE- ou auquel il participe.<\/li>\n<li>Envoyez des questionnaires de satisfaction pour conna\u00eetre votre opinion sur nous ou sur des aspects sp\u00e9cifiques de nos activit\u00e9s et services.<\/li>\n<li>R\u00e9aliser des enqu\u00eates et des \u00e9tudes statistiques, ainsi que conna\u00eetre les pr\u00e9f\u00e9rences et les int\u00e9r\u00eats de l&#8217;utilisateur pour conna\u00eetre et mieux r\u00e9pondre \u00e0 ses besoins.<\/li>\n<\/ul>\n<p>Les donn\u00e9es demand\u00e9es via le site Web ne sont pas obligatoires, sauf indication expresse, mais si elles ne sont pas compl\u00e9t\u00e9es, elles peuvent entraver ou emp\u00eacher la fourniture correcte du service. Dans de tels cas, il n&#8217;est pas garanti que les informations et les services fournis soient compl\u00e8tement adapt\u00e9s \u00e0 vos besoins.<\/p>\n<p> <\/p>\n<p>L&#8217;UTILISATEUR garantit que les donn\u00e9es personnelles fournies sont v\u00e9ridiques et est responsable de communiquer tout changement qui doit \u00eatre pris en compte.<\/p>\n<p> <\/p>\n<h3>2. <strong>L\u00c9GITIMATION<\/strong><\/h3>\n<p>Le consentement de l&#8217;utilisateur et l&#8217;application de mesures pr\u00e9contractuelles -en cas de r\u00e9ponse \u00e0 une demande d&#8217;information-, ainsi que l&#8217;ex\u00e9cution du contrat -en cas de contrat de service ou d&#8217;achat du produit-, l\u00e9gitimer le traitement de vos donn\u00e9es.<\/p>\n<p> <\/p>\n<h3>3. P\u00c9RIODE DE CONSERVATION<\/h3>\n<p>Vos donn\u00e9es feront partie de notre traitement pendant le temps n\u00e9cessaire pour r\u00e9pondre aux questions, fournir le service demand\u00e9 et remplir les objectifs \u00e9nonc\u00e9s, ainsi que pour respecter les obligations l\u00e9gales correspondantes.<\/p>\n<p> <\/p>\n<p>Dans tous les cas, lorsque les donn\u00e9es ne seront plus n\u00e9cessaires aux fins indiqu\u00e9es, elles seront supprim\u00e9es avec des mesures de s\u00e9curit\u00e9 ad\u00e9quates pour garantir la pseudonymisation des donn\u00e9es ou leur destruction totale.<\/p>\n<p> <\/p>\n<h3>4. AFFECTATIONS PREVUES<\/h3>\n<p>Vos donn\u00e9es ne seront communiqu\u00e9es \u00e0 aucun tiers sans votre consentement. Cependant, <strong>elles seront communiqu\u00e9es aux soci\u00e9t\u00e9s qui composent le groupe, CHUBB, SL et GYMCOL, SL,<\/strong> afin que vous puissiez prendre connaissance des produits, services et activit\u00e9s qu&#8217;elles proposent.<\/p>\n<p>Vous pouvez vous <strong>opposer \u00e0 tout moment au transfert<\/strong> en <strong>contactant dpo@unecol.com.<\/strong><\/p>\n<p> <\/p>\n<h3><strong>5. DROITS DE L&#8217;INT\u00c9RESS\u00c9<\/strong><\/h3>\n<p>Les droits qui assistent l&#8217;UTILISATEUR sont :<\/p>\n<ul>\n<li>Droit de retirer son consentement \u00e0 tout moment.<\/li>\n<li>Droit d&#8217;acc\u00e8s, de rectification, de portabilit\u00e9 et de suppression de vos donn\u00e9es et de limitation ou d&#8217;opposition \u00e0 leur traitement.<\/li>\n<li>Droit de d\u00e9poser une r\u00e9clamation aupr\u00e8s de l&#8217;autorit\u00e9 de contr\u00f4le comp\u00e9tente.<\/li>\n<\/ul>\n<p> <\/p>\n<p>Vous pouvez les exercer en contactant UNECOL ADHESIVE IDEAS, SL, \u00e0 l&#8217;adresse dpo@unecol.com, avec le m\u00eame e-mail qui appara\u00eet dans la base de donn\u00e9es et en prouvant votre identit\u00e9 au moyen d&#8217;une copie de votre DNI.<\/p>\n<p> <\/p>\n<h3>6. <strong>MODIFICATION DE NOTRE POLITIQUE DE CONFIDENTIALIT\u00c9<\/strong><\/h3>\n<p>Notre politique de confidentialit\u00e9 peut \u00eatre modifi\u00e9e et mise \u00e0 jour en raison de nouvelles exigences l\u00e9gales, ainsi que d&#8217;am\u00e9liorations et de changements dans la fa\u00e7on dont nous offrons et fournissons nos services et utilitaires Web.<\/p>\n<p>Pour cette raison, nous vous recommandons de visiter et d&#8217;acc\u00e9der p\u00e9riodiquement \u00e0 notre politique de confidentialit\u00e9, bien que dans le cas o\u00f9 de tels changements sont li\u00e9s au consentement donn\u00e9 par l&#8217;utilisateur, dans ce cas, une notification ind\u00e9pendante et s\u00e9par\u00e9e sera envoy\u00e9e pour le recueillir \u00e0 nouveau.<\/p>\n<p> <\/p>\n<h3>7. MESURES DE S\u00c9CURIT\u00c9<\/h3>\n<p>UNECOL ADHESIVE IDEAS, SL se conforme \u00e0 toutes les dispositions des r\u00e9glementations GDPR et LOPDGDD pour le traitement des donn\u00e9es personnelles dont elle est responsable, et manifestement aux principes d\u00e9crits \u00e0 l&#8217;article 5 du GDPR, par lesquels elles sont trait\u00e9es de mani\u00e8re licite. de mani\u00e8re loyale et transparente \u00e0 l&#8217;\u00e9gard de l&#8217;int\u00e9ress\u00e9 et ad\u00e9quates, pertinentes et limit\u00e9es \u00e0 ce qui est n\u00e9cessaire au regard des finalit\u00e9s pour lesquelles elles sont trait\u00e9es.<\/p>\n<p>Ainsi, il garantit avoir mis en place des politiques techniques et organisationnelles appropri\u00e9es pour appliquer les mesures de s\u00e9curit\u00e9 \u00e9tablies par le RGPD et la LOPDGDD afin de prot\u00e9ger les droits et libert\u00e9s des utilisateurs et avoir communiqu\u00e9 les informations appropri\u00e9es afin qu&#8217;ils puissent les exercer.<\/p>\n<p>Pour plus d&#8217;informations sur les garanties de confidentialit\u00e9, vous pouvez contacter le RESPONSABLE via UNECOL ADHESIVE IDEAS, SL, email: dpo@unecol.com.<\/p>\t\t\t\t\t\t\t\t<\/div>\n\t\t\t\t<\/div>\n\t\t\t\t\t<\/div>\n\t\t<\/div>\n\t\t\t\t\t<\/div>\n\t\t<\/section>\n\t\t\t\t<section class=\"elementor-section elementor-top-section elementor-element elementor-element-091b65b elementor-section-full_width elementor-section-stretched elementor-section-height-default elementor-section-height-default\" data-id=\"091b65b\" data-element_type=\"section\" data-e-type=\"section\" data-settings=\"{&quot;stretch_section&quot;:&quot;section-stretched&quot;}\">\n\t\t\t\t\t\t<div class=\"elementor-container elementor-column-gap-default\">\n\t\t\t\t\t<div class=\"elementor-column elementor-col-100 elementor-top-column elementor-element elementor-element-9beeae9\" data-id=\"9beeae9\" data-element_type=\"column\" data-e-type=\"column\">\n\t\t\t<div class=\"elementor-widget-wrap elementor-element-populated\">\n\t\t\t\t\t\t<div class=\"elementor-element elementor-element-e3e6448 elementor-widget elementor-widget-spacer\" data-id=\"e3e6448\" data-element_type=\"widget\" data-e-type=\"widget\" data-widget_type=\"spacer.default\">\n\t\t\t\t<div class=\"elementor-widget-container\">\n\t\t\t\t\t\t\t<div class=\"elementor-spacer\">\n\t\t\t<div class=\"elementor-spacer-inner\"><\/div>\n\t\t<\/div>\n\t\t\t\t\t\t<\/div>\n\t\t\t\t<\/div>\n\t\t\t\t<div class=\"elementor-element elementor-element-eb0a538 elementor-widget elementor-widget-shortcode\" data-id=\"eb0a538\" data-element_type=\"widget\" data-e-type=\"widget\" data-widget_type=\"shortcode.default\">\n\t\t\t\t<div class=\"elementor-widget-container\">\n\t\t\t\t\t\t\t<div class=\"elementor-shortcode\">\t\t<div data-elementor-type=\"section\" data-elementor-id=\"6869\" class=\"elementor elementor-6869 elementor-752 elementor-752\">\n\t\t<div class=\"elementor-section-wrap\">\n\t\t\t\t\t<div class=\"elementor-section elementor-top-section elementor-element elementor-element-5f137d1 elementor-section-stretched elementor-section-height-min-height elementor-section-boxed elementor-section-height-default elementor-section-items-middle\" data-id=\"5f137d1\" data-element_type=\"section\" data-e-type=\"section\" data-settings=\"{&quot;stretch_section&quot;:&quot;section-stretched&quot;,&quot;background_background&quot;:&quot;classic&quot;}\">\n\t\t\t\t\t\t<div class=\"elementor-container elementor-column-gap-no\">\n\t\t\t\t\t<div class=\"elementor-column elementor-col-100 elementor-top-column elementor-element elementor-element-5472086\" data-id=\"5472086\" data-element_type=\"column\" data-e-type=\"column\">\n\t\t\t<div class=\"elementor-widget-wrap elementor-element-populated\">\n\t\t\t\t\t\t<div class=\"elementor-element elementor-element-c8c9df4 elementor-widget elementor-widget-spacer\" data-id=\"c8c9df4\" data-element_type=\"widget\" data-e-type=\"widget\" data-widget_type=\"spacer.default\">\n\t\t\t\t<div class=\"elementor-widget-container\">\n\t\t\t\t\t\t\t<div class=\"elementor-spacer\">\n\t\t\t<div class=\"elementor-spacer-inner\"><\/div>\n\t\t<\/div>\n\t\t\t\t\t\t<\/div>\n\t\t\t\t<\/div>\n\t\t\t\t<div class=\"elementor-section elementor-inner-section elementor-element elementor-element-715e10b elementor-section-full_width elementor-section-height-default elementor-section-height-default\" data-id=\"715e10b\" data-element_type=\"section\" data-e-type=\"section\">\n\t\t\t\t\t\t<div class=\"elementor-container elementor-column-gap-no\">\n\t\t\t\t\t<div class=\"elementor-column elementor-col-33 elementor-inner-column elementor-element elementor-element-882c0fc\" data-id=\"882c0fc\" data-element_type=\"column\" data-e-type=\"column\">\n\t\t\t<div class=\"elementor-widget-wrap elementor-element-populated\">\n\t\t\t\t\t\t<div class=\"elementor-element elementor-element-d084007 elementor-widget elementor-widget-image\" data-id=\"d084007\" data-element_type=\"widget\" data-e-type=\"widget\" data-widget_type=\"image.default\">\n\t\t\t\t<div class=\"elementor-widget-container\">\n\t\t\t\t\t\t\t\t\t\t\t\t\t\t\t<img decoding=\"async\" width=\"215\" height=\"83\" src=\"https:\/\/supertite.com\/wp-content\/uploads\/2020\/08\/logo.png\" class=\"attachment-large size-large wp-image-3060\" alt=\"\" \/>\t\t\t\t\t\t\t\t\t\t\t\t\t\t\t<\/div>\n\t\t\t\t<\/div>\n\t\t\t\t\t<\/div>\n\t\t<\/div>\n\t\t\t\t<div class=\"elementor-column elementor-col-33 elementor-inner-column elementor-element elementor-element-77c4991\" data-id=\"77c4991\" data-element_type=\"column\" data-e-type=\"column\">\n\t\t\t<div class=\"elementor-widget-wrap elementor-element-populated\">\n\t\t\t\t\t\t<div class=\"elementor-element elementor-element-7f36c8a elementor-widget elementor-widget-heading\" data-id=\"7f36c8a\" data-element_type=\"widget\" data-e-type=\"widget\" data-widget_type=\"heading.default\">\n\t\t\t\t<div class=\"elementor-widget-container\">\n\t\t\t\t\t<h2 class=\"elementor-heading-title elementor-size-default\">Suivez-nous<\/h2>\t\t\t\t<\/div>\n\t\t\t\t<\/div>\n\t\t\t\t<div class=\"elementor-element elementor-element-a4ae555 e-grid-align-left e-grid-align-mobile-center elementor-shape-rounded elementor-grid-0 elementor-widget elementor-widget-social-icons\" data-id=\"a4ae555\" data-element_type=\"widget\" data-e-type=\"widget\" data-widget_type=\"social-icons.default\">\n\t\t\t\t<div class=\"elementor-widget-container\">\n\t\t\t\t\t\t\t<div class=\"elementor-social-icons-wrapper elementor-grid\" role=\"list\">\n\t\t\t\t\t\t\t<span class=\"elementor-grid-item\" role=\"listitem\">\n\t\t\t\t\t<a class=\"elementor-icon elementor-social-icon elementor-social-icon-facebook elementor-repeater-item-a2e5159\" href=\"https:\/\/es-la.facebook.com\/supertite\/\" target=\"_blank\">\n\t\t\t\t\t\t<span class=\"elementor-screen-only\">Facebook<\/span>\n\t\t\t\t\t\t<i aria-hidden=\"true\" class=\"fab fa-facebook\"><\/i>\t\t\t\t\t<\/a>\n\t\t\t\t<\/span>\n\t\t\t\t\t\t\t<span class=\"elementor-grid-item\" role=\"listitem\">\n\t\t\t\t\t<a class=\"elementor-icon elementor-social-icon elementor-social-icon-youtube elementor-repeater-item-dd02e67\" href=\"https:\/\/www.youtube.com\/channel\/UCQwQc0eOlLvMyjSc3ORehrQ\/videos\" target=\"_blank\">\n\t\t\t\t\t\t<span class=\"elementor-screen-only\">Youtube<\/span>\n\t\t\t\t\t\t<i aria-hidden=\"true\" class=\"fab fa-youtube\"><\/i>\t\t\t\t\t<\/a>\n\t\t\t\t<\/span>\n\t\t\t\t\t\t\t<span class=\"elementor-grid-item\" role=\"listitem\">\n\t\t\t\t\t<a class=\"elementor-icon elementor-social-icon elementor-social-icon-instagram elementor-repeater-item-c3c1f10\" href=\"https:\/\/www.instagram.com\/supertite_sam\/\" target=\"_blank\">\n\t\t\t\t\t\t<span class=\"elementor-screen-only\">Instagram<\/span>\n\t\t\t\t\t\t<i aria-hidden=\"true\" class=\"fab fa-instagram\"><\/i>\t\t\t\t\t<\/a>\n\t\t\t\t<\/span>\n\t\t\t\t\t<\/div>\n\t\t\t\t\t\t<\/div>\n\t\t\t\t<\/div>\n\t\t\t\t\t<\/div>\n\t\t<\/div>\n\t\t\t\t<div class=\"elementor-column elementor-col-33 elementor-inner-column elementor-element elementor-element-9128c0f\" data-id=\"9128c0f\" data-element_type=\"column\" data-e-type=\"column\">\n\t\t\t<div class=\"elementor-widget-wrap elementor-element-populated\">\n\t\t\t\t\t\t\t<\/div>\n\t\t<\/div>\n\t\t\t\t\t<\/div>\n\t\t<\/div>\n\t\t\t\t<div class=\"elementor-section elementor-inner-section elementor-element elementor-element-b7acdc9 elementor-section-full_width elementor-section-height-default elementor-section-height-default\" data-id=\"b7acdc9\" data-element_type=\"section\" data-e-type=\"section\">\n\t\t\t\t\t\t<div class=\"elementor-container elementor-column-gap-no\">\n\t\t\t\t\t<div class=\"elementor-column elementor-col-25 elementor-inner-column elementor-element elementor-element-ede2945\" data-id=\"ede2945\" data-element_type=\"column\" data-e-type=\"column\">\n\t\t\t<div class=\"elementor-widget-wrap elementor-element-populated\">\n\t\t\t\t\t\t<div class=\"elementor-element elementor-element-7e8474e elementor-widget elementor-widget-heading\" data-id=\"7e8474e\" data-element_type=\"widget\" data-e-type=\"widget\" data-widget_type=\"heading.default\">\n\t\t\t\t<div class=\"elementor-widget-container\">\n\t\t\t\t\t<h2 class=\"elementor-heading-title elementor-size-default\">SUPERTITE<\/h2>\t\t\t\t<\/div>\n\t\t\t\t<\/div>\n\t\t\t\t<div class=\"elementor-element elementor-element-b96c212 elementor-widget elementor-widget-text-editor\" data-id=\"b96c212\" data-element_type=\"widget\" data-e-type=\"widget\" data-widget_type=\"text-editor.default\">\n\t\t\t\t<div class=\"elementor-widget-container\">\n\t\t\t\t\t\t\t\t\tParque Ind. Juan Carlos I\nAvda. De la Foia, 44 46440<br>Almussafes. Valence. ESP<br> \nT\u00e9l\u00e9phone : +34.96.178.31.90\t\t\t\t\t\t\t\t<\/div>\n\t\t\t\t<\/div>\n\t\t\t\t<div class=\"elementor-element elementor-element-14b575a elementor-widget__width-auto elementor-widget elementor-widget-text-editor\" data-id=\"14b575a\" data-element_type=\"widget\" data-e-type=\"widget\" data-widget_type=\"text-editor.default\">\n\t\t\t\t<div class=\"elementor-widget-container\">\n\t\t\t\t\t\t\t\t\t<p><a href=\"mailto:info@supertite.com\">info@supertite.com<\/a><\/p>\n\t\t\t\t\t\t\t\t<\/div>\n\t\t\t\t<\/div>\n\t\t\t\t\t<\/div>\n\t\t<\/div>\n\t\t\t\t<div class=\"elementor-column elementor-col-25 elementor-inner-column elementor-element elementor-element-3a7006c\" data-id=\"3a7006c\" data-element_type=\"column\" data-e-type=\"column\">\n\t\t\t<div class=\"elementor-widget-wrap elementor-element-populated\">\n\t\t\t\t\t\t<div class=\"elementor-element elementor-element-228ee1c elementor-widget elementor-widget-heading\" data-id=\"228ee1c\" data-element_type=\"widget\" data-e-type=\"widget\" data-widget_type=\"heading.default\">\n\t\t\t\t<div class=\"elementor-widget-container\">\n\t\t\t\t\t<h2 class=\"elementor-heading-title elementor-size-default\">Informations<\/h2>\t\t\t\t<\/div>\n\t\t\t\t<\/div>\n\t\t\t\t<div class=\"elementor-element elementor-element-92d6d16 elementor-mobile-align-center elementor-icon-list--layout-traditional elementor-list-item-link-full_width elementor-widget elementor-widget-icon-list\" data-id=\"92d6d16\" data-element_type=\"widget\" data-e-type=\"widget\" data-widget_type=\"icon-list.default\">\n\t\t\t\t<div class=\"elementor-widget-container\">\n\t\t\t\t\t\t\t<ul class=\"elementor-icon-list-items\">\n\t\t\t\t\t\t\t<li class=\"elementor-icon-list-item\">\n\t\t\t\t\t\t\t\t\t\t\t<a href=\"https:\/\/supertite.com\/fr\/sur\/\">\n\n\t\t\t\t\t\t\t\t\t\t\t<span class=\"elementor-icon-list-text\">\u00c0 propos de nous<\/span>\n\t\t\t\t\t\t\t\t\t\t\t<\/a>\n\t\t\t\t\t\t\t\t\t<\/li>\n\t\t\t\t\t\t\t\t<li class=\"elementor-icon-list-item\">\n\t\t\t\t\t\t\t\t\t\t\t<a href=\"https:\/\/supertite.com\/fr\/plus-didees\/\">\n\n\t\t\t\t\t\t\t\t\t\t\t<span class=\"elementor-icon-list-text\">Plus d'id\u00e9es<\/span>\n\t\t\t\t\t\t\t\t\t\t\t<\/a>\n\t\t\t\t\t\t\t\t\t<\/li>\n\t\t\t\t\t\t\t\t<li class=\"elementor-icon-list-item\">\n\t\t\t\t\t\t\t\t\t\t\t<a href=\"https:\/\/supertite.com\/fr\/contact\/\">\n\n\t\t\t\t\t\t\t\t\t\t\t<span class=\"elementor-icon-list-text\">Contact<\/span>\n\t\t\t\t\t\t\t\t\t\t\t<\/a>\n\t\t\t\t\t\t\t\t\t<\/li>\n\t\t\t\t\t\t<\/ul>\n\t\t\t\t\t\t<\/div>\n\t\t\t\t<\/div>\n\t\t\t\t\t<\/div>\n\t\t<\/div>\n\t\t\t\t<div class=\"elementor-column elementor-col-25 elementor-inner-column elementor-element elementor-element-b455832\" data-id=\"b455832\" data-element_type=\"column\" data-e-type=\"column\">\n\t\t\t<div class=\"elementor-widget-wrap elementor-element-populated\">\n\t\t\t\t\t\t<div class=\"elementor-element elementor-element-0aafd09 elementor-widget elementor-widget-heading\" data-id=\"0aafd09\" data-element_type=\"widget\" data-e-type=\"widget\" data-widget_type=\"heading.default\">\n\t\t\t\t<div class=\"elementor-widget-container\">\n\t\t\t\t\t<h2 class=\"elementor-heading-title elementor-size-default\">Clients<\/h2>\t\t\t\t<\/div>\n\t\t\t\t<\/div>\n\t\t\t\t<div class=\"elementor-element elementor-element-dee3aff elementor-mobile-align-center elementor-icon-list--layout-traditional elementor-list-item-link-full_width elementor-widget elementor-widget-icon-list\" data-id=\"dee3aff\" data-element_type=\"widget\" data-e-type=\"widget\" data-widget_type=\"icon-list.default\">\n\t\t\t\t<div class=\"elementor-widget-container\">\n\t\t\t\t\t\t\t<ul class=\"elementor-icon-list-items\">\n\t\t\t\t\t\t\t<li class=\"elementor-icon-list-item\">\n\t\t\t\t\t\t\t\t\t\t\t<a href=\"https:\/\/supertite.com\/wp-content\/uploads\/2020\/08\/Supertite-Bbox-2024-FRANCES-copia.pdf\">\n\n\t\t\t\t\t\t\t\t\t\t\t<span class=\"elementor-icon-list-text\">Blister Box<\/span>\n\t\t\t\t\t\t\t\t\t\t\t<\/a>\n\t\t\t\t\t\t\t\t\t<\/li>\n\t\t\t\t\t\t\t\t<li class=\"elementor-icon-list-item\">\n\t\t\t\t\t\t\t\t\t\t\t<a href=\"https:\/\/productos.supertite.com\/index.php?lang=es&#038;toptype=adhesives&#038;category=super\" target=\"_blank\">\n\n\t\t\t\t\t\t\t\t\t\t\t<span class=\"elementor-icon-list-text\">Produits<\/span>\n\t\t\t\t\t\t\t\t\t\t\t<\/a>\n\t\t\t\t\t\t\t\t\t<\/li>\n\t\t\t\t\t\t\t\t<li class=\"elementor-icon-list-item\">\n\t\t\t\t\t\t\t\t\t\t\t<a href=\"https:\/\/supertite.ntv.es\/\" target=\"_blank\">\n\n\t\t\t\t\t\t\t\t\t\t\t<span class=\"elementor-icon-list-text\">Acc\u00e8s client<\/span>\n\t\t\t\t\t\t\t\t\t\t\t<\/a>\n\t\t\t\t\t\t\t\t\t<\/li>\n\t\t\t\t\t\t<\/ul>\n\t\t\t\t\t\t<\/div>\n\t\t\t\t<\/div>\n\t\t\t\t\t<\/div>\n\t\t<\/div>\n\t\t\t\t<div class=\"elementor-column elementor-col-25 elementor-inner-column elementor-element elementor-element-cc9e3c4\" data-id=\"cc9e3c4\" data-element_type=\"column\" data-e-type=\"column\">\n\t\t\t<div class=\"elementor-widget-wrap elementor-element-populated\">\n\t\t\t\t\t\t<div class=\"elementor-element elementor-element-e6d87c3 elementor-widget elementor-widget-heading\" data-id=\"e6d87c3\" data-element_type=\"widget\" data-e-type=\"widget\" data-widget_type=\"heading.default\">\n\t\t\t\t<div class=\"elementor-widget-container\">\n\t\t\t\t\t<h2 class=\"elementor-heading-title elementor-size-default\">JURIDIQUE<\/h2>\t\t\t\t<\/div>\n\t\t\t\t<\/div>\n\t\t\t\t<div class=\"elementor-element elementor-element-f7b90ac elementor-mobile-align-center elementor-list-item-link-full_width elementor-widget elementor-widget-icon-list\" data-id=\"f7b90ac\" data-element_type=\"widget\" data-e-type=\"widget\" data-widget_type=\"icon-list.default\">\n\t\t\t\t<div class=\"elementor-widget-container\">\n\t\t\t\t\t\t\t<ul class=\"elementor-icon-list-items\">\n\t\t\t\t\t\t\t<li class=\"elementor-icon-list-item\">\n\t\t\t\t\t\t\t\t\t\t\t<a href=\"https:\/\/supertite.com\/fr\/politique-de-confidentialite\/\">\n\n\t\t\t\t\t\t\t\t\t\t\t<span class=\"elementor-icon-list-text\">Politique de confidentialit\u00e9<\/span>\n\t\t\t\t\t\t\t\t\t\t\t<\/a>\n\t\t\t\t\t\t\t\t\t<\/li>\n\t\t\t\t\t\t\t\t<li class=\"elementor-icon-list-item\">\n\t\t\t\t\t\t\t\t\t\t\t<a href=\"https:\/\/supertite.com\/fr\/avis-juridique\/\">\n\n\t\t\t\t\t\t\t\t\t\t\t<span class=\"elementor-icon-list-text\">Avis juridique<\/span>\n\t\t\t\t\t\t\t\t\t\t\t<\/a>\n\t\t\t\t\t\t\t\t\t<\/li>\n\t\t\t\t\t\t\t\t<li class=\"elementor-icon-list-item\">\n\t\t\t\t\t\t\t\t\t\t\t<a href=\"https:\/\/supertite.com\/fr\/politique-de-cookies\/\">\n\n\t\t\t\t\t\t\t\t\t\t\t<span class=\"elementor-icon-list-text\">Politique de cookies<\/span>\n\t\t\t\t\t\t\t\t\t\t\t<\/a>\n\t\t\t\t\t\t\t\t\t<\/li>\n\t\t\t\t\t\t\t\t<li class=\"elementor-icon-list-item\">\n\t\t\t\t\t\t\t\t\t\t\t<a href=\"https:\/\/productos.supertite.com\/index.php?lang=es&#038;toptype=listaingredientes\" target=\"_blank\">\n\n\t\t\t\t\t\t\t\t\t\t\t<span class=\"elementor-icon-list-text\">Information du consommateur conform\u00e9ment au r\u00e8glement sur les d\u00e9tergents<br><\/span>\n\t\t\t\t\t\t\t\t\t\t\t<\/a>\n\t\t\t\t\t\t\t\t\t<\/li>\n\t\t\t\t\t\t\t\t<li class=\"elementor-icon-list-item\">\n\t\t\t\t\t\t\t\t\t\t\t<a href=\"https:\/\/unecol.com\/calidad.html\">\n\n\t\t\t\t\t\t\t\t\t\t\t<span class=\"elementor-icon-list-text\">Qualit\u00e9 et environnement<\/span>\n\t\t\t\t\t\t\t\t\t\t\t<\/a>\n\t\t\t\t\t\t\t\t\t<\/li>\n\t\t\t\t\t\t<\/ul>\n\t\t\t\t\t\t<\/div>\n\t\t\t\t<\/div>\n\t\t\t\t\t<\/div>\n\t\t<\/div>\n\t\t\t\t\t<\/div>\n\t\t<\/div>\n\t\t\t\t<div class=\"elementor-section elementor-inner-section elementor-element elementor-element-5c54903 elementor-section-full_width elementor-section-height-default elementor-section-height-default\" data-id=\"5c54903\" data-element_type=\"section\" data-e-type=\"section\">\n\t\t\t\t\t\t<div class=\"elementor-container elementor-column-gap-no\">\n\t\t\t\t\t<div class=\"elementor-column elementor-col-100 elementor-inner-column elementor-element elementor-element-cedf82a\" data-id=\"cedf82a\" data-element_type=\"column\" data-e-type=\"column\">\n\t\t\t<div class=\"elementor-widget-wrap elementor-element-populated\">\n\t\t\t\t\t\t<div class=\"elementor-element elementor-element-cfd0c7e elementor-widget elementor-widget-text-editor\" data-id=\"cfd0c7e\" data-element_type=\"widget\" data-e-type=\"widget\" data-widget_type=\"text-editor.default\">\n\t\t\t\t<div class=\"elementor-widget-container\">\n\t\t\t\t\t\t\t\t\t<p>Copyright \u00a9 2024 <a href=\"https:\/\/unecol.group\/\">Grupo Unecol<\/a><span style=\"color: #bac34e;\">.<\/span> Tous droits r\u00e9serv\u00e9s.<\/p>\n<div class=\"country-select\">\n<p style=\"display: inline !important;\"><a href=\"https:\/\/us.supertite.com\/\"><span class=\"text14 pl-1 pr-1 country-selected \"><img decoding=\"async\" class=\"flag\" style=\"display: inline; width: 20px;\" src=\"\/wp-content\/uploads\/2020\/08\/US.png\" alt=\"nous-site\">Site \u00c9tats-Unis<\/span><\/a><\/p>\n<\/div>\n\t\t\t\t\t\t\t\t<\/div>\n\t\t\t\t<\/div>\n\t\t\t\t\t<\/div>\n\t\t<\/div>\n\t\t\t\t\t<\/div>\n\t\t<\/div>\n\t\t\t\t\t<\/div>\n\t\t<\/div>\n\t\t\t\t\t<\/div>\n\t\t<\/div>\n\t\t\t\t<\/div>\n\t\t<\/div>\n\t\t<\/div>\n\t\t\t\t\t\t<\/div>\n\t\t\t\t<\/div>\n\t\t\t\t\t<\/div>\n\t\t<\/div>\n\t\t\t\t\t<\/div>\n\t\t<\/section>\n\t\t\t\t<\/div>\n\t\t","protected":false},"excerpt":{"rendered":"<p>1. RESPONSABLE DU TRAITEMENT ET DES FINS L&#8217;utilisateur est inform\u00e9 que UNECOL ADHESIVE IDEAS, SL est le Responsable du traitement des donn\u00e9es personnelles que vous nous fournissez \u00e0 la fois via ce site Web et celles qui ressortent de la documentation que vous nous fournissez et de celle qui peut \u00eatre connue dans le d\u00e9veloppement [&hellip;]<\/p>\n","protected":false},"author":1,"featured_media":0,"parent":0,"menu_order":0,"comment_status":"closed","ping_status":"closed","template":"redux-templates_contained","meta":{"inline_featured_image":false,"footnotes":""},"class_list":["post-6736","page","type-page","status-publish","hentry"],"_links":{"self":[{"href":"https:\/\/supertite.com\/fr\/wp-json\/wp\/v2\/pages\/6736","targetHints":{"allow":["GET"]}}],"collection":[{"href":"https:\/\/supertite.com\/fr\/wp-json\/wp\/v2\/pages"}],"about":[{"href":"https:\/\/supertite.com\/fr\/wp-json\/wp\/v2\/types\/page"}],"author":[{"embeddable":true,"href":"https:\/\/supertite.com\/fr\/wp-json\/wp\/v2\/users\/1"}],"replies":[{"embeddable":true,"href":"https:\/\/supertite.com\/fr\/wp-json\/wp\/v2\/comments?post=6736"}],"version-history":[{"count":1,"href":"https:\/\/supertite.com\/fr\/wp-json\/wp\/v2\/pages\/6736\/revisions"}],"predecessor-version":[{"id":6737,"href":"https:\/\/supertite.com\/fr\/wp-json\/wp\/v2\/pages\/6736\/revisions\/6737"}],"wp:attachment":[{"href":"https:\/\/supertite.com\/fr\/wp-json\/wp\/v2\/media?parent=6736"}],"curies":[{"name":"wp","href":"https:\/\/api.w.org\/{rel}","templated":true}]}}