{"id":7688,"date":"2021-11-25T21:48:23","date_gmt":"2021-11-25T21:48:23","guid":{"rendered":"https:\/\/supertite.com\/politica-de-privacidade\/"},"modified":"2022-07-01T07:35:51","modified_gmt":"2022-07-01T07:35:51","slug":"politica-de-privacidade","status":"publish","type":"page","link":"https:\/\/supertite.com\/pt-pt\/politica-de-privacidade\/","title":{"rendered":"Pol\u00edtica de Privacidade"},"content":{"rendered":"\t\t<div data-elementor-type=\"wp-page\" data-elementor-id=\"7688\" class=\"elementor elementor-7688 elementor-179\">\n\t\t\t\t\t\t<section class=\"elementor-section elementor-top-section elementor-element elementor-element-5d706fc4 elementor-section-full_width elementor-section-height-default elementor-section-height-default\" data-id=\"5d706fc4\" data-element_type=\"section\" data-e-type=\"section\">\n\t\t\t\t\t\t<div class=\"elementor-container elementor-column-gap-default\">\n\t\t\t\t\t<div class=\"elementor-column elementor-col-100 elementor-top-column elementor-element elementor-element-42ea6a62\" data-id=\"42ea6a62\" data-element_type=\"column\" data-e-type=\"column\">\n\t\t\t<div class=\"elementor-widget-wrap elementor-element-populated\">\n\t\t\t\t\t\t<div class=\"elementor-element elementor-element-3366dcf3 elementor-widget elementor-widget-text-editor\" data-id=\"3366dcf3\" data-element_type=\"widget\" data-e-type=\"widget\" data-widget_type=\"text-editor.default\">\n\t\t\t\t<div class=\"elementor-widget-container\">\n\t\t\t\t\t\t\t\t\t<h3>1. CONTROLADOR DE DADOS E OBJECTIVOS<\/h3>\n<p>O utilizador \u00e9 informado de que UNECOL ADHESIVE IDEIAS, S.L. \u00e9 a  <strong>Respons\u00e1vel pelo tratamento<\/strong> dos dados pessoais que nos fornecer atrav\u00e9s deste website e os que possam surgir da documenta\u00e7\u00e3o que nos fornecer e os que possam tornar-se conhecidos no decurso da nossa rela\u00e7\u00e3o.<\/p>\n<p>Os <strong>OBJECTIVOS<\/strong> para os quais os seus dados ser\u00e3o processados s\u00e3o:<\/p>\n<ul>\n<li>Gerir os formul\u00e1rios de contacto para lidar com os pedidos de informa\u00e7\u00e3o e responder \u00e0s quest\u00f5es levantadas, bem como os formulados por correio electr\u00f3nico ou qualquer outro meio de comunica\u00e7\u00e3o.<\/li>\n<li>Para realizar quaisquer ac\u00e7\u00f5es exigidas pelo servi\u00e7o contratado ou produto adquirido e para o contactar para o informar, bem como sobre outros servi\u00e7os relacionados que possam ser do seu interesse.<\/li>\n<li>Informar sobre qualquer aspecto empresarial, comercial ou social da entidade e das actividades que organiza ou nas quais participa.<\/li>\n<li>No caso do blogue, para o incluir na lista de distribui\u00e7\u00e3o de <em>boletins,<\/em> para al\u00e9m de gerir, quando apropriado, o envio de opini\u00f5es e coment\u00e1rios sobre os posts, as suas respostas e comunica\u00e7\u00f5es dos mesmos.<\/li>\n<li>Em todos estes casos, os seus dados ser\u00e3o utilizados para enviar informa\u00e7\u00f5es sobre novos desenvolvimentos na empresa, ou sobre novos servi\u00e7os, actividades ou eventos promovidos pela parte respons\u00e1vel, independentemente de serem ou n\u00e3o realizados sob o nome de UNECOL ou SUPERTITE, ou nos quais participe.<\/li>\n<li>Envie question\u00e1rios de satisfa\u00e7\u00e3o para saber o que pensa sobre n\u00f3s ou aspectos espec\u00edficos das nossas actividades e servi\u00e7os.<\/li>\n<li>Realizar inqu\u00e9ritos e estudos estat\u00edsticos, bem como conhecer as prefer\u00eancias e interesses do utilizador, a fim de melhor compreender e satisfazer as suas necessidades.<\/li>\n<\/ul>\n<p>Os dados solicitados atrav\u00e9s do website n\u00e3o s\u00e3o obrigat\u00f3rios a menos que sejam expressamente indicados, mas se n\u00e3o forem completados podem dificultar ou impedir a presta\u00e7\u00e3o correcta do servi\u00e7o. Nesses casos, n\u00e3o h\u00e1 garantia de que as informa\u00e7\u00f5es e servi\u00e7os fornecidos sejam completamente adaptados \u00e0s suas necessidades.<\/p>\n<p> <\/p>\n<p>O USU\u00c1RIO garante que os dados pessoais fornecidos s\u00e3o verdadeiros e \u00e9 respons\u00e1vel pela comunica\u00e7\u00e3o de quaisquer altera\u00e7\u00f5es a serem tidas em conta.<\/p>\n<p> <\/p>\n<h3>2. <strong>LEGITIM\u00c1CIA<\/strong><\/h3>\n<p>O consentimento do utilizador e a aplica\u00e7\u00e3o de medidas pr\u00e9-contratuais &#8211; no caso de responder a um pedido de informa\u00e7\u00e3o -, bem como a execu\u00e7\u00e3o do contrato &#8211; no caso de contratar o servi\u00e7o ou adquirir o produto -, legitimam o tratamento dos seus dados.<\/p>\n<p> <\/p>\n<h3>3. PER\u00cdODO DE CONSERVA\u00c7\u00c3O<\/h3>\n<p>Os seus dados far\u00e3o parte do nosso processamento durante o tempo necess\u00e1rio para responder \u00e0s suas quest\u00f5es, prestar o servi\u00e7o solicitado e cumprir as finalidades indicadas, bem como para cumprir as obriga\u00e7\u00f5es legais correspondentes.<\/p>\n<p> <\/p>\n<p>Em qualquer caso, quando os dados j\u00e1 n\u00e3o forem necess\u00e1rios para os fins indicados, ser\u00e3o apagados com medidas de seguran\u00e7a adequadas para assegurar a pseudonimiza\u00e7\u00e3o dos dados ou a sua destrui\u00e7\u00e3o total.<\/p>\n<p> <\/p>\n<h3>4. TRANSFER\u00caNCIAS PREVISTAS<\/h3>\n<p>Os seus dados n\u00e3o ser\u00e3o divulgados a terceiros sem o seu consentimento. No entanto, <strong>ser\u00e3o comunicadas \u00e0s empresas que comp\u00f5em o grupo, CHUBB, S.L. e GYMCOL, S.L., <\/strong>para que possa informar-se sobre os produtos, servi\u00e7os e actividades oferecidos por elas.<\/p>\n<p>Pode <strong>opor-se \u00e0 transfer\u00eancia<\/strong> em qualquer altura, contactando<strong> dpo@unecol.com<\/strong>.<\/p>\n<p> <\/p>\n<h3><strong>5. DIREITOS DO TITULAR DOS DADOS<\/strong><\/h3>\n<p>Os direitos do USER s\u00e3o:<\/p>\n<ul>\n<li>Direito de retirar o consentimento em qualquer momento.<\/li>\n<li>O direito de acesso, rectifica\u00e7\u00e3o, portabilidade e elimina\u00e7\u00e3o dos seus dados e o direito de limitar ou opor-se ao seu processamento.<\/li>\n<li>O direito de apresentar uma queixa junto da autoridade de supervis\u00e3o competente.<\/li>\n<\/ul>\n<p> <\/p>\n<p>Pode exercer estes direitos contactando UNECOL ADHESIVE IDEAS, S.L., em dpo@unecol.com, com o mesmo endere\u00e7o de correio electr\u00f3nico que aparece na base de dados e comprovando a sua identidade atrav\u00e9s de uma c\u00f3pia do seu Bilhete de Identidade Nacional.<\/p>\n<p> <\/p>\n<h3>6<strong>.MODIFICA\u00c7\u00c3O DA NOSSA POL\u00cdTICA DE PRIVACIDADE<\/strong><\/h3>\n<p>A nossa Pol\u00edtica de Privacidade pode ser modificada e actualizada em resposta a novos requisitos legais, bem como melhorias e mudan\u00e7as na forma como oferecemos e fornecemos os nossos servi\u00e7os e utilit\u00e1rios web.<\/p>\n<p>Por conseguinte, recomendamos que visite e aceda \u00e0 nossa Pol\u00edtica de Privacidade de tempos a tempos, embora no caso de tais altera\u00e7\u00f5es se relacionarem com o seu consentimento, ser-lhe-\u00e1 enviado um aviso separado e independente para recolher novamente o seu consentimento.<\/p>\n<p> <\/p>\n<h3>7. MEDIDAS DE SEGURAN\u00c7A<\/h3>\n<p>UNECOL ADHESIVE IDEIAS, S.L. est\u00e1 a cumprir todas as disposi\u00e7\u00f5es dos regulamentos GDPR e LOPDGDD para o tratamento de dados pessoais sob a sua responsabilidade, e manifestamente com os princ\u00edpios descritos no artigo 5\u00ba da GDPR, segundo os quais s\u00e3o tratados de forma legal, justa e transparente em rela\u00e7\u00e3o \u00e0 pessoa em causa e s\u00e3o adequados, pertinentes e limitados ao necess\u00e1rio em rela\u00e7\u00e3o \u00e0s finalidades para as quais s\u00e3o tratados.<\/p>\n<p>Assim, garante ter implementado pol\u00edticas t\u00e9cnicas e organizacionais adequadas para aplicar as medidas de seguran\u00e7a estabelecidas pela GDPR e pela LOPDGDD a fim de proteger os direitos e liberdades dos utilizadores e forneceu-lhes a informa\u00e7\u00e3o adequada para que os possam exercer.<\/p>\n<p>Para mais informa\u00e7\u00f5es sobre garantias de privacidade, pode contactar a pessoa RESPONS\u00c1VEL atrav\u00e9s de UNECOL ADHESIVEIVE IDEAS, S.L., e-mail: dpo@unecol.com.<\/p>\t\t\t\t\t\t\t\t<\/div>\n\t\t\t\t<\/div>\n\t\t\t\t\t<\/div>\n\t\t<\/div>\n\t\t\t\t\t<\/div>\n\t\t<\/section>\n\t\t\t\t<section class=\"elementor-section elementor-top-section elementor-element elementor-element-091b65b elementor-section-full_width elementor-section-stretched elementor-section-height-default elementor-section-height-default\" data-id=\"091b65b\" data-element_type=\"section\" data-e-type=\"section\" data-settings=\"{&quot;stretch_section&quot;:&quot;section-stretched&quot;}\">\n\t\t\t\t\t\t<div class=\"elementor-container elementor-column-gap-default\">\n\t\t\t\t\t<div class=\"elementor-column elementor-col-100 elementor-top-column elementor-element elementor-element-9beeae9\" data-id=\"9beeae9\" data-element_type=\"column\" data-e-type=\"column\">\n\t\t\t<div class=\"elementor-widget-wrap elementor-element-populated\">\n\t\t\t\t\t\t<div class=\"elementor-element elementor-element-e3e6448 elementor-widget elementor-widget-spacer\" data-id=\"e3e6448\" data-element_type=\"widget\" data-e-type=\"widget\" data-widget_type=\"spacer.default\">\n\t\t\t\t<div class=\"elementor-widget-container\">\n\t\t\t\t\t\t\t<div class=\"elementor-spacer\">\n\t\t\t<div class=\"elementor-spacer-inner\"><\/div>\n\t\t<\/div>\n\t\t\t\t\t\t<\/div>\n\t\t\t\t<\/div>\n\t\t\t\t<div class=\"elementor-element elementor-element-eb0a538 elementor-widget elementor-widget-shortcode\" data-id=\"eb0a538\" data-element_type=\"widget\" data-e-type=\"widget\" data-widget_type=\"shortcode.default\">\n\t\t\t\t<div class=\"elementor-widget-container\">\n\t\t\t\t\t\t\t<div class=\"elementor-shortcode\">\t\t<div data-elementor-type=\"section\" data-elementor-id=\"9239\" class=\"elementor elementor-9239 elementor-752 elementor-752\">\n\t\t<div class=\"elementor-section-wrap\">\n\t\t\t\t\t<div class=\"elementor-section elementor-top-section elementor-element elementor-element-5f137d1 elementor-section-stretched elementor-section-height-min-height elementor-section-boxed elementor-section-height-default elementor-section-items-middle\" data-id=\"5f137d1\" data-element_type=\"section\" data-e-type=\"section\" data-settings=\"{&quot;stretch_section&quot;:&quot;section-stretched&quot;,&quot;background_background&quot;:&quot;classic&quot;}\">\n\t\t\t\t\t\t<div class=\"elementor-container elementor-column-gap-no\">\n\t\t\t\t\t<div class=\"elementor-column elementor-col-100 elementor-top-column elementor-element elementor-element-5472086\" data-id=\"5472086\" data-element_type=\"column\" data-e-type=\"column\">\n\t\t\t<div class=\"elementor-widget-wrap elementor-element-populated\">\n\t\t\t\t\t\t<div class=\"elementor-element elementor-element-c8c9df4 elementor-widget elementor-widget-spacer\" data-id=\"c8c9df4\" data-element_type=\"widget\" data-e-type=\"widget\" data-widget_type=\"spacer.default\">\n\t\t\t\t<div class=\"elementor-widget-container\">\n\t\t\t\t\t\t\t<div class=\"elementor-spacer\">\n\t\t\t<div class=\"elementor-spacer-inner\"><\/div>\n\t\t<\/div>\n\t\t\t\t\t\t<\/div>\n\t\t\t\t<\/div>\n\t\t\t\t<div class=\"elementor-section elementor-inner-section elementor-element elementor-element-715e10b elementor-section-full_width elementor-section-height-default elementor-section-height-default\" data-id=\"715e10b\" data-element_type=\"section\" data-e-type=\"section\">\n\t\t\t\t\t\t<div class=\"elementor-container elementor-column-gap-no\">\n\t\t\t\t\t<div class=\"elementor-column elementor-col-33 elementor-inner-column elementor-element elementor-element-882c0fc\" data-id=\"882c0fc\" data-element_type=\"column\" data-e-type=\"column\">\n\t\t\t<div class=\"elementor-widget-wrap elementor-element-populated\">\n\t\t\t\t\t\t<div class=\"elementor-element elementor-element-d084007 elementor-widget elementor-widget-image\" data-id=\"d084007\" data-element_type=\"widget\" data-e-type=\"widget\" data-widget_type=\"image.default\">\n\t\t\t\t<div class=\"elementor-widget-container\">\n\t\t\t\t\t\t\t\t\t\t\t\t\t\t\t<img decoding=\"async\" width=\"215\" height=\"83\" src=\"https:\/\/supertite.com\/wp-content\/uploads\/2020\/08\/logo.png\" class=\"attachment-large size-large wp-image-3060\" alt=\"\" \/>\t\t\t\t\t\t\t\t\t\t\t\t\t\t\t<\/div>\n\t\t\t\t<\/div>\n\t\t\t\t\t<\/div>\n\t\t<\/div>\n\t\t\t\t<div class=\"elementor-column elementor-col-33 elementor-inner-column elementor-element elementor-element-77c4991\" data-id=\"77c4991\" data-element_type=\"column\" data-e-type=\"column\">\n\t\t\t<div class=\"elementor-widget-wrap elementor-element-populated\">\n\t\t\t\t\t\t<div class=\"elementor-element elementor-element-7f36c8a elementor-widget elementor-widget-heading\" data-id=\"7f36c8a\" data-element_type=\"widget\" data-e-type=\"widget\" data-widget_type=\"heading.default\">\n\t\t\t\t<div class=\"elementor-widget-container\">\n\t\t\t\t\t<h2 class=\"elementor-heading-title elementor-size-default\">siga-nos<\/h2>\t\t\t\t<\/div>\n\t\t\t\t<\/div>\n\t\t\t\t<div class=\"elementor-element elementor-element-a4ae555 e-grid-align-left e-grid-align-mobile-center elementor-shape-rounded elementor-grid-0 elementor-widget elementor-widget-social-icons\" data-id=\"a4ae555\" data-element_type=\"widget\" data-e-type=\"widget\" data-widget_type=\"social-icons.default\">\n\t\t\t\t<div class=\"elementor-widget-container\">\n\t\t\t\t\t\t\t<div class=\"elementor-social-icons-wrapper elementor-grid\" role=\"list\">\n\t\t\t\t\t\t\t<span class=\"elementor-grid-item\" role=\"listitem\">\n\t\t\t\t\t<a class=\"elementor-icon elementor-social-icon elementor-social-icon-facebook elementor-repeater-item-a2e5159\" href=\"https:\/\/es-la.facebook.com\/supertite\/\" target=\"_blank\">\n\t\t\t\t\t\t<span class=\"elementor-screen-only\">Facebook<\/span>\n\t\t\t\t\t\t<i aria-hidden=\"true\" class=\"fab fa-facebook\"><\/i>\t\t\t\t\t<\/a>\n\t\t\t\t<\/span>\n\t\t\t\t\t\t\t<span class=\"elementor-grid-item\" role=\"listitem\">\n\t\t\t\t\t<a class=\"elementor-icon elementor-social-icon elementor-social-icon-youtube elementor-repeater-item-dd02e67\" href=\"https:\/\/www.youtube.com\/channel\/UCQwQc0eOlLvMyjSc3ORehrQ\/videos\" target=\"_blank\">\n\t\t\t\t\t\t<span class=\"elementor-screen-only\">Youtube<\/span>\n\t\t\t\t\t\t<i aria-hidden=\"true\" class=\"fab fa-youtube\"><\/i>\t\t\t\t\t<\/a>\n\t\t\t\t<\/span>\n\t\t\t\t\t\t\t<span class=\"elementor-grid-item\" role=\"listitem\">\n\t\t\t\t\t<a class=\"elementor-icon elementor-social-icon elementor-social-icon-instagram elementor-repeater-item-c3c1f10\" href=\"https:\/\/www.instagram.com\/supertite_sam\/\" target=\"_blank\">\n\t\t\t\t\t\t<span class=\"elementor-screen-only\">Instagram<\/span>\n\t\t\t\t\t\t<i aria-hidden=\"true\" class=\"fab fa-instagram\"><\/i>\t\t\t\t\t<\/a>\n\t\t\t\t<\/span>\n\t\t\t\t\t<\/div>\n\t\t\t\t\t\t<\/div>\n\t\t\t\t<\/div>\n\t\t\t\t\t<\/div>\n\t\t<\/div>\n\t\t\t\t<div class=\"elementor-column elementor-col-33 elementor-inner-column elementor-element elementor-element-9128c0f\" data-id=\"9128c0f\" data-element_type=\"column\" data-e-type=\"column\">\n\t\t\t<div class=\"elementor-widget-wrap elementor-element-populated\">\n\t\t\t\t\t\t\t<\/div>\n\t\t<\/div>\n\t\t\t\t\t<\/div>\n\t\t<\/div>\n\t\t\t\t<div class=\"elementor-section elementor-inner-section elementor-element elementor-element-b7acdc9 elementor-section-full_width elementor-section-height-default elementor-section-height-default\" data-id=\"b7acdc9\" data-element_type=\"section\" data-e-type=\"section\">\n\t\t\t\t\t\t<div class=\"elementor-container elementor-column-gap-no\">\n\t\t\t\t\t<div class=\"elementor-column elementor-col-25 elementor-inner-column elementor-element elementor-element-ede2945\" data-id=\"ede2945\" data-element_type=\"column\" data-e-type=\"column\">\n\t\t\t<div class=\"elementor-widget-wrap elementor-element-populated\">\n\t\t\t\t\t\t<div class=\"elementor-element elementor-element-7e8474e elementor-widget elementor-widget-heading\" data-id=\"7e8474e\" data-element_type=\"widget\" data-e-type=\"widget\" data-widget_type=\"heading.default\">\n\t\t\t\t<div class=\"elementor-widget-container\">\n\t\t\t\t\t<h2 class=\"elementor-heading-title elementor-size-default\">SUPERTITE<\/h2>\t\t\t\t<\/div>\n\t\t\t\t<\/div>\n\t\t\t\t<div class=\"elementor-element elementor-element-b96c212 elementor-widget elementor-widget-text-editor\" data-id=\"b96c212\" data-element_type=\"widget\" data-e-type=\"widget\" data-widget_type=\"text-editor.default\">\n\t\t\t\t<div class=\"elementor-widget-container\">\n\t\t\t\t\t\t\t\t\t<p>Parque Ind. Juan Carlos I<br \/>Avda. De la Foia, 44 46440<br \/>Almussafes. Val\u00eancia. ESP<br \/>Tel: +34 961 783 190<\/p>\n\t\t\t\t\t\t\t\t<\/div>\n\t\t\t\t<\/div>\n\t\t\t\t<div class=\"elementor-element elementor-element-14b575a elementor-widget__width-auto elementor-widget elementor-widget-text-editor\" data-id=\"14b575a\" data-element_type=\"widget\" data-e-type=\"widget\" data-widget_type=\"text-editor.default\">\n\t\t\t\t<div class=\"elementor-widget-container\">\n\t\t\t\t\t\t\t\t\t<p><a href=\"mailto:info@supertite.com\">info@supertite.com<\/a><\/p>\n\t\t\t\t\t\t\t\t<\/div>\n\t\t\t\t<\/div>\n\t\t\t\t\t<\/div>\n\t\t<\/div>\n\t\t\t\t<div class=\"elementor-column elementor-col-25 elementor-inner-column elementor-element elementor-element-3a7006c\" data-id=\"3a7006c\" data-element_type=\"column\" data-e-type=\"column\">\n\t\t\t<div class=\"elementor-widget-wrap elementor-element-populated\">\n\t\t\t\t\t\t<div class=\"elementor-element elementor-element-228ee1c elementor-widget elementor-widget-heading\" data-id=\"228ee1c\" data-element_type=\"widget\" data-e-type=\"widget\" data-widget_type=\"heading.default\">\n\t\t\t\t<div class=\"elementor-widget-container\">\n\t\t\t\t\t<h2 class=\"elementor-heading-title elementor-size-default\">INFORMA\u00c7\u00d5ES<\/h2>\t\t\t\t<\/div>\n\t\t\t\t<\/div>\n\t\t\t\t<div class=\"elementor-element elementor-element-92d6d16 elementor-mobile-align-center elementor-icon-list--layout-traditional elementor-list-item-link-full_width elementor-widget elementor-widget-icon-list\" data-id=\"92d6d16\" data-element_type=\"widget\" data-e-type=\"widget\" data-widget_type=\"icon-list.default\">\n\t\t\t\t<div class=\"elementor-widget-container\">\n\t\t\t\t\t\t\t<ul class=\"elementor-icon-list-items\">\n\t\t\t\t\t\t\t<li class=\"elementor-icon-list-item\">\n\t\t\t\t\t\t\t\t\t\t\t<a href=\"https:\/\/supertite.com\/pt-pt\/sobre\/\">\n\n\t\t\t\t\t\t\t\t\t\t\t<span class=\"elementor-icon-list-text\">Sobre n\u00f3s<\/span>\n\t\t\t\t\t\t\t\t\t\t\t<\/a>\n\t\t\t\t\t\t\t\t\t<\/li>\n\t\t\t\t\t\t\t\t<li class=\"elementor-icon-list-item\">\n\t\t\t\t\t\t\t\t\t\t\t<a href=\"https:\/\/supertite.com\/pt-pt\/mais-ideias\/\">\n\n\t\t\t\t\t\t\t\t\t\t\t<span class=\"elementor-icon-list-text\">Mais ideias<\/span>\n\t\t\t\t\t\t\t\t\t\t\t<\/a>\n\t\t\t\t\t\t\t\t\t<\/li>\n\t\t\t\t\t\t\t\t<li class=\"elementor-icon-list-item\">\n\t\t\t\t\t\t\t\t\t\t\t<a href=\"https:\/\/supertite.com\/pt-pt\/contacto\/\">\n\n\t\t\t\t\t\t\t\t\t\t\t<span class=\"elementor-icon-list-text\">Contacto<\/span>\n\t\t\t\t\t\t\t\t\t\t\t<\/a>\n\t\t\t\t\t\t\t\t\t<\/li>\n\t\t\t\t\t\t<\/ul>\n\t\t\t\t\t\t<\/div>\n\t\t\t\t<\/div>\n\t\t\t\t\t<\/div>\n\t\t<\/div>\n\t\t\t\t<div class=\"elementor-column elementor-col-25 elementor-inner-column elementor-element elementor-element-b455832\" data-id=\"b455832\" data-element_type=\"column\" data-e-type=\"column\">\n\t\t\t<div class=\"elementor-widget-wrap elementor-element-populated\">\n\t\t\t\t\t\t<div class=\"elementor-element elementor-element-0aafd09 elementor-widget elementor-widget-heading\" data-id=\"0aafd09\" data-element_type=\"widget\" data-e-type=\"widget\" data-widget_type=\"heading.default\">\n\t\t\t\t<div class=\"elementor-widget-container\">\n\t\t\t\t\t<h2 class=\"elementor-heading-title elementor-size-default\">Clientes<\/h2>\t\t\t\t<\/div>\n\t\t\t\t<\/div>\n\t\t\t\t<div class=\"elementor-element elementor-element-dee3aff elementor-mobile-align-center elementor-icon-list--layout-traditional elementor-list-item-link-full_width elementor-widget elementor-widget-icon-list\" data-id=\"dee3aff\" data-element_type=\"widget\" data-e-type=\"widget\" data-widget_type=\"icon-list.default\">\n\t\t\t\t<div class=\"elementor-widget-container\">\n\t\t\t\t\t\t\t<ul class=\"elementor-icon-list-items\">\n\t\t\t\t\t\t\t<li class=\"elementor-icon-list-item\">\n\t\t\t\t\t\t\t\t\t\t\t<a href=\"https:\/\/supertite.com\/wp-content\/uploads\/2020\/08\/Supertite-Bbox-2024-ESPANOL-copia.pdf\">\n\n\t\t\t\t\t\t\t\t\t\t\t<span class=\"elementor-icon-list-text\">Caixa Blister<\/span>\n\t\t\t\t\t\t\t\t\t\t\t<\/a>\n\t\t\t\t\t\t\t\t\t<\/li>\n\t\t\t\t\t\t\t\t<li class=\"elementor-icon-list-item\">\n\t\t\t\t\t\t\t\t\t\t\t<a href=\"https:\/\/supertite.ntv.es\/\" target=\"_blank\">\n\n\t\t\t\t\t\t\t\t\t\t\t<span class=\"elementor-icon-list-text\">Acesso do cliente<\/span>\n\t\t\t\t\t\t\t\t\t\t\t<\/a>\n\t\t\t\t\t\t\t\t\t<\/li>\n\t\t\t\t\t\t<\/ul>\n\t\t\t\t\t\t<\/div>\n\t\t\t\t<\/div>\n\t\t\t\t\t<\/div>\n\t\t<\/div>\n\t\t\t\t<div class=\"elementor-column elementor-col-25 elementor-inner-column elementor-element elementor-element-cc9e3c4\" data-id=\"cc9e3c4\" data-element_type=\"column\" data-e-type=\"column\">\n\t\t\t<div class=\"elementor-widget-wrap elementor-element-populated\">\n\t\t\t\t\t\t<div class=\"elementor-element elementor-element-e6d87c3 elementor-widget elementor-widget-heading\" data-id=\"e6d87c3\" data-element_type=\"widget\" data-e-type=\"widget\" data-widget_type=\"heading.default\">\n\t\t\t\t<div class=\"elementor-widget-container\">\n\t\t\t\t\t<h2 class=\"elementor-heading-title elementor-size-default\">JUR\u00cdDICO<\/h2>\t\t\t\t<\/div>\n\t\t\t\t<\/div>\n\t\t\t\t<div class=\"elementor-element elementor-element-f7b90ac elementor-mobile-align-center elementor-list-item-link-full_width elementor-widget elementor-widget-icon-list\" data-id=\"f7b90ac\" data-element_type=\"widget\" data-e-type=\"widget\" data-widget_type=\"icon-list.default\">\n\t\t\t\t<div class=\"elementor-widget-container\">\n\t\t\t\t\t\t\t<ul class=\"elementor-icon-list-items\">\n\t\t\t\t\t\t\t<li class=\"elementor-icon-list-item\">\n\t\t\t\t\t\t\t\t\t\t\t<a href=\"https:\/\/supertite.com\/pt-pt\/politica-de-privacidade\/\">\n\n\t\t\t\t\t\t\t\t\t\t\t<span class=\"elementor-icon-list-text\">Pol\u00edtica de Privacidade<\/span>\n\t\t\t\t\t\t\t\t\t\t\t<\/a>\n\t\t\t\t\t\t\t\t\t<\/li>\n\t\t\t\t\t\t\t\t<li class=\"elementor-icon-list-item\">\n\t\t\t\t\t\t\t\t\t\t\t<a href=\"https:\/\/supertite.com\/pt-pt\/aviso-legal\/\">\n\n\t\t\t\t\t\t\t\t\t\t\t<span class=\"elementor-icon-list-text\">Aviso legal<\/span>\n\t\t\t\t\t\t\t\t\t\t\t<\/a>\n\t\t\t\t\t\t\t\t\t<\/li>\n\t\t\t\t\t\t\t\t<li class=\"elementor-icon-list-item\">\n\t\t\t\t\t\t\t\t\t\t\t<a href=\"https:\/\/supertite.com\/pt-pt\/politica-de-bolachas\/\">\n\n\t\t\t\t\t\t\t\t\t\t\t<span class=\"elementor-icon-list-text\">Pol\u00edtica de bolachas<\/span>\n\t\t\t\t\t\t\t\t\t\t\t<\/a>\n\t\t\t\t\t\t\t\t\t<\/li>\n\t\t\t\t\t\t\t\t<li class=\"elementor-icon-list-item\">\n\t\t\t\t\t\t\t\t\t\t\t<a href=\"https:\/\/productos.supertite.com\/index.php?lang=es&#038;toptype=listaingredientes\" target=\"_blank\">\n\n\t\t\t\t\t\t\t\t\t\t\t<span class=\"elementor-icon-list-text\">Informa\u00e7\u00e3o ao consumidor de acordo com o regulamento relativo aos detergentes<br><\/span>\n\t\t\t\t\t\t\t\t\t\t\t<\/a>\n\t\t\t\t\t\t\t\t\t<\/li>\n\t\t\t\t\t\t\t\t<li class=\"elementor-icon-list-item\">\n\t\t\t\t\t\t\t\t\t\t\t<a href=\"https:\/\/unecol.com\/calidad.html\">\n\n\t\t\t\t\t\t\t\t\t\t\t<span class=\"elementor-icon-list-text\">Qualidade e ambiente<\/span>\n\t\t\t\t\t\t\t\t\t\t\t<\/a>\n\t\t\t\t\t\t\t\t\t<\/li>\n\t\t\t\t\t\t<\/ul>\n\t\t\t\t\t\t<\/div>\n\t\t\t\t<\/div>\n\t\t\t\t\t<\/div>\n\t\t<\/div>\n\t\t\t\t\t<\/div>\n\t\t<\/div>\n\t\t\t\t<div class=\"elementor-section elementor-inner-section elementor-element elementor-element-5c54903 elementor-section-full_width elementor-section-height-default elementor-section-height-default\" data-id=\"5c54903\" data-element_type=\"section\" data-e-type=\"section\">\n\t\t\t\t\t\t<div class=\"elementor-container elementor-column-gap-no\">\n\t\t\t\t\t<div class=\"elementor-column elementor-col-100 elementor-inner-column elementor-element elementor-element-cedf82a\" data-id=\"cedf82a\" data-element_type=\"column\" data-e-type=\"column\">\n\t\t\t<div class=\"elementor-widget-wrap elementor-element-populated\">\n\t\t\t\t\t\t<div class=\"elementor-element elementor-element-cfd0c7e elementor-widget elementor-widget-text-editor\" data-id=\"cfd0c7e\" data-element_type=\"widget\" data-e-type=\"widget\" data-widget_type=\"text-editor.default\">\n\t\t\t\t<div class=\"elementor-widget-container\">\n\t\t\t\t\t\t\t\t\t<p>Direitos de autor \u00a9 2024 <a href=\"https:\/\/unecol.group\/\">Grupo Unecol<\/a><span style=\"color: #bac34e;\">.<\/span> Todos os direitos reservados.<\/p>\n<div class=\"country-select\">\n<p style=\"display: inline !important;\"><a href=\"https:\/\/us.supertite.com\/\"><span class=\"text14 pl-1 pr-1 country-selected \"><img decoding=\"async\" class=\"flag\" style=\"display: inline; width: 20px;\" src=\"\/wp-content\/uploads\/2020\/08\/US.png\" alt=\"us-site\">Site dos Estados Unidos<\/span><\/a><\/p>\n<\/div>\n\t\t\t\t\t\t\t\t<\/div>\n\t\t\t\t<\/div>\n\t\t\t\t\t<\/div>\n\t\t<\/div>\n\t\t\t\t\t<\/div>\n\t\t<\/div>\n\t\t\t\t\t<\/div>\n\t\t<\/div>\n\t\t\t\t\t<\/div>\n\t\t<\/div>\n\t\t\t\t<\/div>\n\t\t<\/div>\n\t\t<\/div>\n\t\t\t\t\t\t<\/div>\n\t\t\t\t<\/div>\n\t\t\t\t\t<\/div>\n\t\t<\/div>\n\t\t\t\t\t<\/div>\n\t\t<\/section>\n\t\t\t\t<\/div>\n\t\t","protected":false},"excerpt":{"rendered":"<p>1. CONTROLADOR DE DADOS E OBJECTIVOS O utilizador \u00e9 informado de que UNECOL ADHESIVE IDEIAS, S.L. \u00e9 a Respons\u00e1vel pelo tratamento dos dados pessoais que nos fornecer atrav\u00e9s deste website e os que possam surgir da documenta\u00e7\u00e3o que nos fornecer e os que possam tornar-se conhecidos no decurso da nossa rela\u00e7\u00e3o. Os OBJECTIVOS para os [&hellip;]<\/p>\n","protected":false},"author":1,"featured_media":0,"parent":0,"menu_order":0,"comment_status":"closed","ping_status":"closed","template":"redux-templates_contained","meta":{"inline_featured_image":false,"footnotes":""},"class_list":["post-7688","page","type-page","status-publish","hentry"],"_links":{"self":[{"href":"https:\/\/supertite.com\/pt-pt\/wp-json\/wp\/v2\/pages\/7688","targetHints":{"allow":["GET"]}}],"collection":[{"href":"https:\/\/supertite.com\/pt-pt\/wp-json\/wp\/v2\/pages"}],"about":[{"href":"https:\/\/supertite.com\/pt-pt\/wp-json\/wp\/v2\/types\/page"}],"author":[{"embeddable":true,"href":"https:\/\/supertite.com\/pt-pt\/wp-json\/wp\/v2\/users\/1"}],"replies":[{"embeddable":true,"href":"https:\/\/supertite.com\/pt-pt\/wp-json\/wp\/v2\/comments?post=7688"}],"version-history":[{"count":1,"href":"https:\/\/supertite.com\/pt-pt\/wp-json\/wp\/v2\/pages\/7688\/revisions"}],"predecessor-version":[{"id":7690,"href":"https:\/\/supertite.com\/pt-pt\/wp-json\/wp\/v2\/pages\/7688\/revisions\/7690"}],"wp:attachment":[{"href":"https:\/\/supertite.com\/pt-pt\/wp-json\/wp\/v2\/media?parent=7688"}],"curies":[{"name":"wp","href":"https:\/\/api.w.org\/{rel}","templated":true}]}}